{"id":933,"date":"2022-08-31T18:49:29","date_gmt":"2022-08-31T16:49:29","guid":{"rendered":"https:\/\/wp.management-diagnostik.de\/?page_id=933"},"modified":"2024-04-25T10:37:38","modified_gmt":"2024-04-25T08:37:38","slug":"fuehrungskraefte-coaching","status":"publish","type":"page","link":"https:\/\/management-diagnostik.de\/de\/leistungen\/fuehrungskraefte-coaching\/","title":{"rendered":"F\u00fchrungskr\u00e4fte-Coaching"},"content":{"rendered":"\t\t<div data-elementor-type=\"wp-page\" data-elementor-id=\"933\" class=\"elementor elementor-933\" data-elementor-post-type=\"page\">\n\t\t\t\t\t\t<section class=\"elementor-section elementor-top-section elementor-element elementor-element-1e0cfa4a elementor-section-full_width elementor-section-height-default elementor-section-height-default\" data-id=\"1e0cfa4a\" data-element_type=\"section\" data-e-type=\"section\">\n\t\t\t\t\t\t<div class=\"elementor-container elementor-column-gap-no\">\n\t\t\t\t\t<div class=\"elementor-column elementor-col-100 elementor-top-column elementor-element elementor-element-7fcedf7d\" data-id=\"7fcedf7d\" data-element_type=\"column\" data-e-type=\"column\">\n\t\t\t<div class=\"elementor-widget-wrap elementor-element-populated\">\n\t\t\t\t\t\t<div class=\"elementor-element elementor-element-604297e5 elementor--h-position-center elementor--v-position-middle elementor-pagination-position-inside elementor-widget elementor-widget-slides\" data-id=\"604297e5\" data-element_type=\"widget\" data-e-type=\"widget\" data-settings=\"{&quot;navigation&quot;:&quot;dots&quot;,&quot;transition&quot;:&quot;fade&quot;,&quot;autoplay&quot;:&quot;yes&quot;,&quot;pause_on_hover&quot;:&quot;yes&quot;,&quot;pause_on_interaction&quot;:&quot;yes&quot;,&quot;autoplay_speed&quot;:5000,&quot;infinite&quot;:&quot;yes&quot;,&quot;transition_speed&quot;:500}\" data-widget_type=\"slides.default\">\n\t\t\t\t<div class=\"elementor-widget-container\">\n\t\t\t\t\t\t\t\t\t<div class=\"elementor-swiper\">\n\t\t\t\t\t<div class=\"elementor-slides-wrapper elementor-main-swiper swiper\" role=\"region\" aria-roledescription=\"carousel\" aria-label=\"Slider\" dir=\"ltr\" data-animation=\"\">\n\t\t\t\t<div class=\"swiper-wrapper elementor-slides\">\n\t\t\t\t\t\t\t\t\t\t<div class=\"elementor-repeater-item-c4dfe8e swiper-slide\" role=\"group\" aria-roledescription=\"slide\"><div class=\"swiper-slide-bg\" role=\"img\" aria-label=\"F\u00fchrungskr\u00e4fte-Coaching\"><\/div><div class=\"swiper-slide-inner\" ><div class=\"swiper-slide-contents\"><\/div><\/div><\/div>\t\t\t\t<\/div>\n\t\t\t\t\t\t\t<\/div>\n\t\t\t\t<\/div>\n\t\t\t\t\t\t\t\t<\/div>\n\t\t\t\t<\/div>\n\t\t\t\t\t<\/div>\n\t\t<\/div>\n\t\t\t\t\t<\/div>\n\t\t<\/section>\n\t\t\t\t<section class=\"elementor-section elementor-top-section elementor-element elementor-element-136a7937 elementor-section-boxed elementor-section-height-default elementor-section-height-default\" data-id=\"136a7937\" data-element_type=\"section\" data-e-type=\"section\" data-settings=\"{&quot;background_background&quot;:&quot;classic&quot;}\">\n\t\t\t\t\t\t<div class=\"elementor-container elementor-column-gap-default\">\n\t\t\t\t\t<div class=\"elementor-column elementor-col-100 elementor-top-column elementor-element elementor-element-207ce634\" data-id=\"207ce634\" data-element_type=\"column\" data-e-type=\"column\" data-settings=\"{&quot;background_background&quot;:&quot;classic&quot;}\">\n\t\t\t<div class=\"elementor-widget-wrap elementor-element-populated\">\n\t\t\t\t\t\t<div class=\"elementor-element elementor-element-547c2bfe elementor-view-framed elementor-shape-circle elementor-position-block-start elementor-mobile-position-block-start elementor-widget elementor-widget-icon-box\" data-id=\"547c2bfe\" data-element_type=\"widget\" data-e-type=\"widget\" data-widget_type=\"icon-box.default\">\n\t\t\t\t<div class=\"elementor-widget-container\">\n\t\t\t\t\t\t\t<div class=\"elementor-icon-box-wrapper\">\n\n\t\t\t\t\t\t<div class=\"elementor-icon-box-icon\">\n\t\t\t\t<span  class=\"elementor-icon\">\n\t\t\t\t<i aria-hidden=\"true\" class=\"fas fa-user-friends\"><\/i>\t\t\t\t<\/span>\n\t\t\t<\/div>\n\t\t\t\n\t\t\t\t\t\t<div class=\"elementor-icon-box-content\">\n\n\t\t\t\t\t\t\t\t\t<h1 class=\"elementor-icon-box-title\">\n\t\t\t\t\t\t<span  >\n\t\t\t\t\t\t\tF\u00fchrungskr\u00e4fte-Coaching\t\t\t\t\t\t<\/span>\n\t\t\t\t\t<\/h1>\n\t\t\t\t\n\t\t\t\t\n\t\t\t<\/div>\n\t\t\t\n\t\t<\/div>\n\t\t\t\t\t\t<\/div>\n\t\t\t\t<\/div>\n\t\t\t\t<div class=\"elementor-element elementor-element-35351d79 elementor-widget elementor-widget-heading\" data-id=\"35351d79\" data-element_type=\"widget\" data-e-type=\"widget\" data-widget_type=\"heading.default\">\n\t\t\t\t<div class=\"elementor-widget-container\">\n\t\t\t\t\t<h2 class=\"elementor-heading-title elementor-size-default\">Anlass<\/h2>\t\t\t\t<\/div>\n\t\t\t\t<\/div>\n\t\t\t\t<div class=\"elementor-element elementor-element-556f8609 elementor-widget elementor-widget-text-editor\" data-id=\"556f8609\" data-element_type=\"widget\" data-e-type=\"widget\" data-widget_type=\"text-editor.default\">\n\t\t\t\t<div class=\"elementor-widget-container\">\n\t\t\t\t\t\t\t\t\t<p>Coaching ist die prozesshafte, individuelle Begleitung und Unterst\u00fctzung von F\u00fchrungskr\u00e4ften in anspruchsvollen beruflichen Situationen.<\/p><p>Am Beginn eines Coachings steht der Wunsch nach Ver\u00e4nderung bzw. pers\u00f6nlicher Entwicklung. Die Gr\u00fcnde f\u00fcr die Aufnahme eines Coachings sind vielf\u00e4ltig: Sie k\u00f6nnen in ver\u00e4nderten \u00f6konomischen Rahmenbedingungen, beispielsweise nach einer Fusion oder Reorganisation, liegen. Sie k\u00f6nnen aber auch mit dem individuellen Wunsch nach einer Verbesserung der F\u00fchrungsf\u00e4higkeiten oder der Kl\u00e4rung einer schwierigen beruflichen Situation zusammenh\u00e4ngen. Die Begleitung des Integrationsprozesses einer F\u00fchrungskraft in ihr neues berufliches Umfeld ist oftmals Anlass eines individuellen Integrations-Coachings.<\/p>\t\t\t\t\t\t\t\t<\/div>\n\t\t\t\t<\/div>\n\t\t\t\t<div class=\"elementor-element elementor-element-46abed09 elementor-widget elementor-widget-heading\" data-id=\"46abed09\" data-element_type=\"widget\" data-e-type=\"widget\" data-widget_type=\"heading.default\">\n\t\t\t\t<div class=\"elementor-widget-container\">\n\t\t\t\t\t<h2 class=\"elementor-heading-title elementor-size-default\">Vorgehensweise<\/h2>\t\t\t\t<\/div>\n\t\t\t\t<\/div>\n\t\t\t\t<div class=\"elementor-element elementor-element-74a155a1 elementor-widget elementor-widget-text-editor\" data-id=\"74a155a1\" data-element_type=\"widget\" data-e-type=\"widget\" data-widget_type=\"text-editor.default\">\n\t\t\t\t<div class=\"elementor-widget-container\">\n\t\t\t\t\t\t\t\t\t<p>Zun\u00e4chst findet ein unverbindliches und kostenloses Vorgespr\u00e4ch zwischen Klient\/in und Coach\/in statt, um ein pers\u00f6nliches Kennenlernen zu erm\u00f6glichen, Rahmenbedingungen zu kl\u00e4ren und sich \u00fcber das Coaching-Thema auszutauschen. Abh\u00e4ngig vom Ausgangspunkt und den Zielen eines Coachings ist zu Beginn auch ein Gespr\u00e4ch mit der F\u00fchrungskraft der\/des Klient\/in\/en sinnvoll, um den beruflichen und organisatorischen Kontext einzubeziehen. Im Coaching erarbeitet die\/der Klient\/in gemeinsam mit der\/dem Coach\/in Ziele, Priorit\u00e4tensetzung und L\u00f6sungen. Dabei werden die Ressourcen der\/des Klient\/in\/en reaktiviert und ihr\/sein berufliches Umfeld in die L\u00f6sungsfindung einbezogen. Auf der Basis einer schriftlichen Coaching-Vereinbarung finden regelm\u00e4\u00dfige Gespr\u00e4che statt; die Gesamtdauer umfasst etwa 5 bis 10 Sitzungen. Die\/Der Klient\/in entscheidet, wann das Coaching beendet ist.<\/p>\t\t\t\t\t\t\t\t<\/div>\n\t\t\t\t<\/div>\n\t\t\t\t<div class=\"elementor-element elementor-element-91d04af elementor-align-right elementor-absolute elementor-widget elementor-widget-button\" data-id=\"91d04af\" data-element_type=\"widget\" data-e-type=\"widget\" data-settings=\"{&quot;_position&quot;:&quot;absolute&quot;}\" data-widget_type=\"button.default\">\n\t\t\t\t<div class=\"elementor-widget-container\">\n\t\t\t\t\t\t\t\t\t<div class=\"elementor-button-wrapper\">\n\t\t\t\t\t<a class=\"elementor-button elementor-button-link elementor-size-sm\" href=\"https:\/\/management-diagnostik.de\/leistungen\/\">\n\t\t\t\t\t\t<span class=\"elementor-button-content-wrapper\">\n\t\t\t\t\t\t<span class=\"elementor-button-icon\">\n\t\t\t\t<i aria-hidden=\"true\" class=\"fas fa-arrow-right\"><\/i>\t\t\t<\/span>\n\t\t\t\t\t\t\t\t\t<span class=\"elementor-button-text\">Zur\u00fcck zur \u00dcbersicht der Leistungen<\/span>\n\t\t\t\t\t<\/span>\n\t\t\t\t\t<\/a>\n\t\t\t\t<\/div>\n\t\t\t\t\t\t\t\t<\/div>\n\t\t\t\t<\/div>\n\t\t\t\t\t<\/div>\n\t\t<\/div>\n\t\t\t\t\t<\/div>\n\t\t<\/section>\n\t\t\t\t<\/div>\n\t\t","protected":false},"excerpt":{"rendered":"<p>F\u00fchrungskr\u00e4fte-Coaching Anlass Coaching ist die prozesshafte, individuelle Begleitung und Unterst\u00fctzung von F\u00fchrungskr\u00e4ften in anspruchsvollen beruflichen Situationen. Am Beginn eines Coachings steht der Wunsch nach Ver\u00e4nderung bzw. pers\u00f6nlicher Entwicklung. Die Gr\u00fcnde f\u00fcr die Aufnahme eines Coachings sind vielf\u00e4ltig: Sie k\u00f6nnen in ver\u00e4nderten \u00f6konomischen Rahmenbedingungen, beispielsweise nach einer Fusion oder Reorganisation, liegen. Sie k\u00f6nnen aber auch mit [&hellip;]<\/p>\n","protected":false},"author":4,"featured_media":0,"parent":452,"menu_order":7,"comment_status":"closed","ping_status":"closed","template":"","meta":{"footnotes":""},"class_list":["post-933","page","type-page","status-publish","hentry"],"yoast_head":"<!-- This site is optimized with the Yoast SEO plugin v27.5 - https:\/\/yoast.com\/product\/yoast-seo-wordpress\/ -->\n<title>F\u00fchrungskr\u00e4fte-Coaching - management diagnostik<\/title>\n<meta name=\"description\" content=\"F\u00fchrungskr\u00e4fteentwicklung in komplexen Situationen. Individuelle Begleitung f\u00fcr F\u00fchrungskr\u00e4fte in anspruchsvollen beruflichen Situationen.\" \/>\n<meta name=\"robots\" content=\"index, follow, max-snippet:-1, max-image-preview:large, max-video-preview:-1\" \/>\n<link rel=\"canonical\" href=\"https:\/\/management-diagnostik.de\/de\/leistungen\/fuehrungskraefte-coaching\/\" \/>\n<meta property=\"og:locale\" content=\"de_DE\" \/>\n<meta property=\"og:type\" content=\"article\" \/>\n<meta property=\"og:title\" content=\"F\u00fchrungskr\u00e4fte-Coaching - management diagnostik\" \/>\n<meta property=\"og:description\" content=\"F\u00fchrungskr\u00e4fteentwicklung in komplexen Situationen. Individuelle Begleitung f\u00fcr F\u00fchrungskr\u00e4fte in anspruchsvollen beruflichen Situationen.\" \/>\n<meta property=\"og:url\" content=\"https:\/\/management-diagnostik.de\/de\/leistungen\/fuehrungskraefte-coaching\/\" \/>\n<meta property=\"og:site_name\" content=\"management-diagnostik mbh\" \/>\n<meta property=\"article:modified_time\" content=\"2024-04-25T08:37:38+00:00\" \/>\n<meta name=\"twitter:card\" content=\"summary_large_image\" \/>\n<meta name=\"twitter:label1\" content=\"Gesch\u00e4tzte Lesezeit\" \/>\n\t<meta name=\"twitter:data1\" content=\"2\u00a0Minuten\" \/>\n<script type=\"application\/ld+json\" class=\"yoast-schema-graph\">{\"@context\":\"https:\\\/\\\/schema.org\",\"@graph\":[{\"@type\":\"WebPage\",\"@id\":\"https:\\\/\\\/management-diagnostik.de\\\/de\\\/leistungen\\\/fuehrungskraefte-coaching\\\/\",\"url\":\"https:\\\/\\\/management-diagnostik.de\\\/de\\\/leistungen\\\/fuehrungskraefte-coaching\\\/\",\"name\":\"F\u00fchrungskr\u00e4fte-Coaching - management diagnostik\",\"isPartOf\":{\"@id\":\"https:\\\/\\\/management-diagnostik.de\\\/de\\\/#website\"},\"datePublished\":\"2022-08-31T16:49:29+00:00\",\"dateModified\":\"2024-04-25T08:37:38+00:00\",\"description\":\"F\u00fchrungskr\u00e4fteentwicklung in komplexen Situationen. Individuelle Begleitung f\u00fcr F\u00fchrungskr\u00e4fte in anspruchsvollen beruflichen Situationen.\",\"breadcrumb\":{\"@id\":\"https:\\\/\\\/management-diagnostik.de\\\/de\\\/leistungen\\\/fuehrungskraefte-coaching\\\/#breadcrumb\"},\"inLanguage\":\"de\",\"potentialAction\":[{\"@type\":\"ReadAction\",\"target\":[\"https:\\\/\\\/management-diagnostik.de\\\/de\\\/leistungen\\\/fuehrungskraefte-coaching\\\/\"]}]},{\"@type\":\"BreadcrumbList\",\"@id\":\"https:\\\/\\\/management-diagnostik.de\\\/de\\\/leistungen\\\/fuehrungskraefte-coaching\\\/#breadcrumb\",\"itemListElement\":[{\"@type\":\"ListItem\",\"position\":1,\"name\":\"Startseite\",\"item\":\"https:\\\/\\\/management-diagnostik.de\\\/de\\\/\"},{\"@type\":\"ListItem\",\"position\":2,\"name\":\"Leistungen\",\"item\":\"https:\\\/\\\/management-diagnostik.de\\\/de\\\/leistungen\\\/\"},{\"@type\":\"ListItem\",\"position\":3,\"name\":\"F\u00fchrungskr\u00e4fte-Coaching\"}]},{\"@type\":\"WebSite\",\"@id\":\"https:\\\/\\\/management-diagnostik.de\\\/de\\\/#website\",\"url\":\"https:\\\/\\\/management-diagnostik.de\\\/de\\\/\",\"name\":\"management-diagnostik mbh\",\"description\":\"Anbieter qualitativ h\u00f6chstwertiger Beratungsleistungen im Bereich der Management-Diagnostik\",\"publisher\":{\"@id\":\"https:\\\/\\\/management-diagnostik.de\\\/de\\\/#organization\"},\"potentialAction\":[{\"@type\":\"SearchAction\",\"target\":{\"@type\":\"EntryPoint\",\"urlTemplate\":\"https:\\\/\\\/management-diagnostik.de\\\/de\\\/?s={search_term_string}\"},\"query-input\":{\"@type\":\"PropertyValueSpecification\",\"valueRequired\":true,\"valueName\":\"search_term_string\"}}],\"inLanguage\":\"de\"},{\"@type\":\"Organization\",\"@id\":\"https:\\\/\\\/management-diagnostik.de\\\/de\\\/#organization\",\"name\":\"management-diagnostik mbh\",\"url\":\"https:\\\/\\\/management-diagnostik.de\\\/de\\\/\",\"logo\":{\"@type\":\"ImageObject\",\"inLanguage\":\"de\",\"@id\":\"https:\\\/\\\/management-diagnostik.de\\\/de\\\/#\\\/schema\\\/logo\\\/image\\\/\",\"url\":\"https:\\\/\\\/management-diagnostik.de\\\/wp-content\\\/uploads\\\/2022\\\/08\\\/logo.png\",\"contentUrl\":\"https:\\\/\\\/management-diagnostik.de\\\/wp-content\\\/uploads\\\/2022\\\/08\\\/logo.png\",\"width\":512,\"height\":257,\"caption\":\"management-diagnostik mbh\"},\"image\":{\"@id\":\"https:\\\/\\\/management-diagnostik.de\\\/de\\\/#\\\/schema\\\/logo\\\/image\\\/\"}}]}<\/script>\n<!-- \/ Yoast SEO plugin. -->","yoast_head_json":{"title":"F\u00fchrungskr\u00e4fte-Coaching - management diagnostik","description":"F\u00fchrungskr\u00e4fteentwicklung in komplexen Situationen. Individuelle Begleitung f\u00fcr F\u00fchrungskr\u00e4fte in anspruchsvollen beruflichen Situationen.","robots":{"index":"index","follow":"follow","max-snippet":"max-snippet:-1","max-image-preview":"max-image-preview:large","max-video-preview":"max-video-preview:-1"},"canonical":"https:\/\/management-diagnostik.de\/de\/leistungen\/fuehrungskraefte-coaching\/","og_locale":"de_DE","og_type":"article","og_title":"F\u00fchrungskr\u00e4fte-Coaching - management diagnostik","og_description":"F\u00fchrungskr\u00e4fteentwicklung in komplexen Situationen. Individuelle Begleitung f\u00fcr F\u00fchrungskr\u00e4fte in anspruchsvollen beruflichen Situationen.","og_url":"https:\/\/management-diagnostik.de\/de\/leistungen\/fuehrungskraefte-coaching\/","og_site_name":"management-diagnostik mbh","article_modified_time":"2024-04-25T08:37:38+00:00","twitter_card":"summary_large_image","twitter_misc":{"Gesch\u00e4tzte Lesezeit":"2\u00a0Minuten"},"schema":{"@context":"https:\/\/schema.org","@graph":[{"@type":"WebPage","@id":"https:\/\/management-diagnostik.de\/de\/leistungen\/fuehrungskraefte-coaching\/","url":"https:\/\/management-diagnostik.de\/de\/leistungen\/fuehrungskraefte-coaching\/","name":"F\u00fchrungskr\u00e4fte-Coaching - management diagnostik","isPartOf":{"@id":"https:\/\/management-diagnostik.de\/de\/#website"},"datePublished":"2022-08-31T16:49:29+00:00","dateModified":"2024-04-25T08:37:38+00:00","description":"F\u00fchrungskr\u00e4fteentwicklung in komplexen Situationen. Individuelle Begleitung f\u00fcr F\u00fchrungskr\u00e4fte in anspruchsvollen beruflichen Situationen.","breadcrumb":{"@id":"https:\/\/management-diagnostik.de\/de\/leistungen\/fuehrungskraefte-coaching\/#breadcrumb"},"inLanguage":"de","potentialAction":[{"@type":"ReadAction","target":["https:\/\/management-diagnostik.de\/de\/leistungen\/fuehrungskraefte-coaching\/"]}]},{"@type":"BreadcrumbList","@id":"https:\/\/management-diagnostik.de\/de\/leistungen\/fuehrungskraefte-coaching\/#breadcrumb","itemListElement":[{"@type":"ListItem","position":1,"name":"Startseite","item":"https:\/\/management-diagnostik.de\/de\/"},{"@type":"ListItem","position":2,"name":"Leistungen","item":"https:\/\/management-diagnostik.de\/de\/leistungen\/"},{"@type":"ListItem","position":3,"name":"F\u00fchrungskr\u00e4fte-Coaching"}]},{"@type":"WebSite","@id":"https:\/\/management-diagnostik.de\/de\/#website","url":"https:\/\/management-diagnostik.de\/de\/","name":"management-diagnostik mbh","description":"Anbieter qualitativ h\u00f6chstwertiger Beratungsleistungen im Bereich der Management-Diagnostik","publisher":{"@id":"https:\/\/management-diagnostik.de\/de\/#organization"},"potentialAction":[{"@type":"SearchAction","target":{"@type":"EntryPoint","urlTemplate":"https:\/\/management-diagnostik.de\/de\/?s={search_term_string}"},"query-input":{"@type":"PropertyValueSpecification","valueRequired":true,"valueName":"search_term_string"}}],"inLanguage":"de"},{"@type":"Organization","@id":"https:\/\/management-diagnostik.de\/de\/#organization","name":"management-diagnostik mbh","url":"https:\/\/management-diagnostik.de\/de\/","logo":{"@type":"ImageObject","inLanguage":"de","@id":"https:\/\/management-diagnostik.de\/de\/#\/schema\/logo\/image\/","url":"https:\/\/management-diagnostik.de\/wp-content\/uploads\/2022\/08\/logo.png","contentUrl":"https:\/\/management-diagnostik.de\/wp-content\/uploads\/2022\/08\/logo.png","width":512,"height":257,"caption":"management-diagnostik mbh"},"image":{"@id":"https:\/\/management-diagnostik.de\/de\/#\/schema\/logo\/image\/"}}]}},"_links":{"self":[{"href":"https:\/\/management-diagnostik.de\/de\/wp-json\/wp\/v2\/pages\/933","targetHints":{"allow":["GET"]}}],"collection":[{"href":"https:\/\/management-diagnostik.de\/de\/wp-json\/wp\/v2\/pages"}],"about":[{"href":"https:\/\/management-diagnostik.de\/de\/wp-json\/wp\/v2\/types\/page"}],"author":[{"embeddable":true,"href":"https:\/\/management-diagnostik.de\/de\/wp-json\/wp\/v2\/users\/4"}],"replies":[{"embeddable":true,"href":"https:\/\/management-diagnostik.de\/de\/wp-json\/wp\/v2\/comments?post=933"}],"version-history":[{"count":0,"href":"https:\/\/management-diagnostik.de\/de\/wp-json\/wp\/v2\/pages\/933\/revisions"}],"up":[{"embeddable":true,"href":"https:\/\/management-diagnostik.de\/de\/wp-json\/wp\/v2\/pages\/452"}],"wp:attachment":[{"href":"https:\/\/management-diagnostik.de\/de\/wp-json\/wp\/v2\/media?parent=933"}],"curies":[{"name":"wp","href":"https:\/\/api.w.org\/{rel}","templated":true}]}}